{"id":1110,"date":"2021-08-10T22:23:50","date_gmt":"2021-08-10T22:23:50","guid":{"rendered":"https:\/\/alesalosny.com\/?page_id=1110"},"modified":"2021-08-17T23:59:23","modified_gmt":"2021-08-17T23:59:23","slug":"venchi-sitio","status":"publish","type":"page","link":"https:\/\/alesalosny.com\/index.php\/venchi-sitio\/","title":{"rendered":"Venchi"},"content":{"rendered":"\t\t<div data-elementor-type=\"wp-page\" data-elementor-id=\"1110\" class=\"elementor elementor-1110\" data-elementor-settings=\"[]\">\n\t\t\t\t\t\t<div class=\"elementor-inner\">\n\t\t\t\t\t\t\t<div class=\"elementor-section-wrap\">\n\t\t\t\t\t\t\t<section class=\"elementor-section elementor-top-section elementor-element elementor-element-c0fe22c elementor-section-boxed elementor-section-height-default elementor-section-height-default\" data-id=\"c0fe22c\" data-element_type=\"section\">\n\t\t\t\t\t\t<div class=\"elementor-container elementor-column-gap-default\">\n\t\t\t\t\t\t\t<div class=\"elementor-row\">\n\t\t\t\t\t<div class=\"elementor-column elementor-col-50 elementor-top-column elementor-element elementor-element-bb91580\" data-id=\"bb91580\" data-element_type=\"column\">\n\t\t\t<div class=\"elementor-column-wrap elementor-element-populated\">\n\t\t\t\t\t\t\t<div class=\"elementor-widget-wrap\">\n\t\t\t\t\t\t<div class=\"elementor-element elementor-element-e4d7506 elementor-view-default elementor-vertical-align-top elementor-widget elementor-widget-icon-box\" data-id=\"e4d7506\" data-element_type=\"widget\" data-widget_type=\"icon-box.default\">\n\t\t\t\t<div class=\"elementor-widget-container\">\n\t\t\t\t\t<div class=\"elementor-icon-box-wrapper\">\n\t\t\t\t\t\t<div class=\"elementor-icon-box-content\">\n\t\t\t\t<h3 class=\"elementor-icon-box-title\">\n\t\t\t\t\t<span ><\/span>\n\t\t\t\t<\/h3>\n\t\t\t\t\t\t\t\t<p class=\"elementor-icon-box-description\">Venchi.cl es un sitio de venta de online con una gran variedad de productos gourmet de reposter\u00eda nacional como internacional con m\u00e1s de 30 a\u00f1os en el rubro. El requerimiento para este cliente, consist\u00eda en darle un nuevo orden a la informaci\u00f3n, dise\u00f1o y estructura del sitio para hacerlo m\u00e1s amigable de forma est\u00e9tica y funcional. Las \u00faltimas 2 im\u00e1genes de la galer\u00eda corresponden al sitio anterior . Venchi maneja un inventario de m\u00e1s de 300 productos por lo que un punto importante a establecer fue el de la AI, mediante patrones de similitud se pudo establecer un nuevo orden para facilitar la agrupaci\u00f3n de contenidos para una navegaci\u00f3n y b\u00fasqueda m\u00e1s eficiente.<\/p>\n\t\t\t\t\t\t\t<\/div>\n\t\t<\/div>\n\t\t\t\t<\/div>\n\t\t\t\t<\/div>\n\t\t\t\t\t\t<\/div>\n\t\t\t\t\t<\/div>\n\t\t<\/div>\n\t\t\t\t<div class=\"elementor-column elementor-col-50 elementor-top-column elementor-element elementor-element-aa656fa\" data-id=\"aa656fa\" data-element_type=\"column\">\n\t\t\t<div class=\"elementor-column-wrap elementor-element-populated\">\n\t\t\t\t\t\t\t<div class=\"elementor-widget-wrap\">\n\t\t\t\t\t\t<div class=\"elementor-element elementor-element-2055f21 elementor-view-default elementor-vertical-align-top elementor-widget elementor-widget-icon-box\" data-id=\"2055f21\" data-element_type=\"widget\" data-widget_type=\"icon-box.default\">\n\t\t\t\t<div class=\"elementor-widget-container\">\n\t\t\t\t\t<div class=\"elementor-icon-box-wrapper\">\n\t\t\t\t\t\t<div class=\"elementor-icon-box-content\">\n\t\t\t\t<h3 class=\"elementor-icon-box-title\">\n\t\t\t\t\t<span ><\/span>\n\t\t\t\t<\/h3>\n\t\t\t\t\t\t\t\t<p class=\"elementor-icon-box-description\">La pantalla 15 en la galer\u00eda( https:\/\/alesalosny.com\/wp-content\/uploads\/2020\/08\/15v.jpg ), muestra como se definio la nueva AI del sitio, la pantalla 16 en la galer\u00eda muestra como estaba en el sitio anterior ( https:\/\/alesalosny.com\/wp-content\/uploads\/2020\/08\/14v.jpg). en t\u00e9rminos est\u00e9ticos se priorizaron los colores vibrantes por el tipo de productos y solicitud del cliente, tambi\u00e9n se investigo a nivel visual el rubro. Y se potencio el personaje del logo \"Venchito\" para darle mayor personalidad y una cualidad m\u00e1s amigable a Venchi. Dentro del dise\u00f1o tambi\u00e9n se modifico el uso del toldo en la parte superior de la web el cual tambi\u00e9n se quiso mantener, se realizo Benchmark para la selecci\u00f3n de las mejores pr\u00e1cticas a implementar.<br><br><\/p>\n\t\t\t\t\t\t\t<\/div>\n\t\t<\/div>\n\t\t\t\t<\/div>\n\t\t\t\t<\/div>\n\t\t\t\t\t\t<\/div>\n\t\t\t\t\t<\/div>\n\t\t<\/div>\n\t\t\t\t\t\t\t\t<\/div>\n\t\t\t\t\t<\/div>\n\t\t<\/section>\n\t\t\t\t<section class=\"elementor-section elementor-top-section elementor-element elementor-element-9070442 elementor-section-boxed elementor-section-height-default elementor-section-height-default\" data-id=\"9070442\" data-element_type=\"section\">\n\t\t\t\t\t\t<div class=\"elementor-container elementor-column-gap-default\">\n\t\t\t\t\t\t\t<div class=\"elementor-row\">\n\t\t\t\t\t<div class=\"elementor-column elementor-col-100 elementor-top-column elementor-element elementor-element-b66c162\" data-id=\"b66c162\" data-element_type=\"column\">\n\t\t\t<div class=\"elementor-column-wrap elementor-element-populated\">\n\t\t\t\t\t\t\t<div class=\"elementor-widget-wrap\">\n\t\t\t\t\t\t<div class=\"elementor-element elementor-element-8f90bf5 elementor-view-default elementor-vertical-align-top elementor-widget elementor-widget-icon-box\" data-id=\"8f90bf5\" data-element_type=\"widget\" data-widget_type=\"icon-box.default\">\n\t\t\t\t<div class=\"elementor-widget-container\">\n\t\t\t\t\t<div class=\"elementor-icon-box-wrapper\">\n\t\t\t\t\t\t<div class=\"elementor-icon-box-content\">\n\t\t\t\t<h3 class=\"elementor-icon-box-title\">\n\t\t\t\t\t<span >NAVEGACI\u00d3N E INTERACIONES<\/span>\n\t\t\t\t<\/h3>\n\t\t\t\t\t\t\t\t<p class=\"elementor-icon-box-description\">Se desarrollo en base a la investigaci\u00f3n de los usuarios, para determinar la navegaci\u00f3n en base a card sorting para el orden de los contenidos y el desarrollo de la arquitectura del sitio.<\/p>\n\t\t\t\t\t\t\t<\/div>\n\t\t<\/div>\n\t\t\t\t<\/div>\n\t\t\t\t<\/div>\n\t\t\t\t<div class=\"elementor-element elementor-element-034aa94 elementor-widget-divider--view-line elementor-widget elementor-widget-divider\" data-id=\"034aa94\" data-element_type=\"widget\" data-widget_type=\"divider.default\">\n\t\t\t\t<div class=\"elementor-widget-container\">\n\t\t\t\t\t<div class=\"elementor-divider\">\n\t\t\t<span class=\"elementor-divider-separator\">\n\t\t\t\t\t\t<\/span>\n\t\t<\/div>\n\t\t\t\t<\/div>\n\t\t\t\t<\/div>\n\t\t\t\t\t\t<\/div>\n\t\t\t\t\t<\/div>\n\t\t<\/div>\n\t\t\t\t\t\t\t\t<\/div>\n\t\t\t\t\t<\/div>\n\t\t<\/section>\n\t\t\t\t<section class=\"elementor-section elementor-top-section elementor-element elementor-element-b20a6bf elementor-section-boxed elementor-section-height-default elementor-section-height-default\" data-id=\"b20a6bf\" data-element_type=\"section\">\n\t\t\t\t\t\t<div class=\"elementor-container elementor-column-gap-default\">\n\t\t\t\t\t\t\t<div class=\"elementor-row\">\n\t\t\t\t\t<div class=\"elementor-column elementor-col-100 elementor-top-column elementor-element elementor-element-34b3e81\" data-id=\"34b3e81\" data-element_type=\"column\">\n\t\t\t<div class=\"elementor-column-wrap elementor-element-populated\">\n\t\t\t\t\t\t\t<div class=\"elementor-widget-wrap\">\n\t\t\t\t\t\t<div class=\"elementor-element elementor-element-b9c72b6 elementor-widget elementor-widget-foogallery\" data-id=\"b9c72b6\" data-element_type=\"widget\" data-widget_type=\"foogallery.default\">\n\t\t\t\t<div class=\"elementor-widget-container\">\n\t\t\t<div class=\"foogallery foogallery-container foogallery-masonry foogallery-lightbox-foobox fg-center fg-masonry fg-dark fg-shadow-small fg-loading-default fg-loaded-fade-in fg-hover-grayscale fg-hover-zoomed fg-captions-bottom fg-hover-fade fg-hover-zoom fg-ready fg-col3\" id=\"foogallery-gallery-1113\" data-foogallery=\"{&quot;item&quot;:{&quot;showCaptionTitle&quot;:true,&quot;showCaptionDescription&quot;:true},&quot;lazy&quot;:true}\" >\r\n\t\t<div class=\"fg-column-width\"><\/div>\r\n\t<div class=\"fg-gutter-width\"><\/div>\r\n\t\t<div class=\"fg-item fg-type-image fg-idle\"><figure class=\"fg-item-inner\"><a href=\"https:\/\/alesalosny.com\/wp-content\/uploads\/2020\/08\/1v-1.jpg\" data-attachment-id=\"1095\" class=\"fg-thumb\"><span class=\"fg-image-wrap\"><img loading=\"lazy\" width=\"450\" height=\"268\" class=\"skip-lazy fg-image\" data-src-fg=\"https:\/\/alesalosny.com\/wp-content\/uploads\/cache\/2020\/08\/1v-1\/3901859286.jpg\" src=\"data:image\/svg+xml,%3Csvg%20xmlns%3D%22http%3A%2F%2Fwww.w3.org%2F2000%2Fsvg%22%20width%3D%22450%22%20height%3D%22268%22%20viewBox%3D%220%200%20450%20268%22%3E%3C%2Fsvg%3E\" \/><\/span><span class=\"fg-image-overlay\"><\/span><\/a><\/figure><div class=\"fg-loader\"><\/div><\/div><div class=\"fg-item fg-type-image fg-idle\"><figure class=\"fg-item-inner\"><a href=\"https:\/\/alesalosny.com\/wp-content\/uploads\/2020\/08\/2v.jpg\" data-attachment-id=\"1094\" class=\"fg-thumb\"><span class=\"fg-image-wrap\"><img loading=\"lazy\" width=\"450\" height=\"268\" class=\"skip-lazy fg-image\" data-src-fg=\"https:\/\/alesalosny.com\/wp-content\/uploads\/cache\/2020\/08\/2v\/686731383.jpg\" src=\"data:image\/svg+xml,%3Csvg%20xmlns%3D%22http%3A%2F%2Fwww.w3.org%2F2000%2Fsvg%22%20width%3D%22450%22%20height%3D%22268%22%20viewBox%3D%220%200%20450%20268%22%3E%3C%2Fsvg%3E\" \/><\/span><span class=\"fg-image-overlay\"><\/span><\/a><\/figure><div class=\"fg-loader\"><\/div><\/div><div class=\"fg-item fg-type-image fg-idle\"><figure class=\"fg-item-inner\"><a href=\"https:\/\/alesalosny.com\/wp-content\/uploads\/2020\/08\/3v.jpg\" data-attachment-id=\"1096\" class=\"fg-thumb\"><span class=\"fg-image-wrap\"><img loading=\"lazy\" width=\"450\" height=\"268\" class=\"skip-lazy fg-image\" data-src-fg=\"https:\/\/alesalosny.com\/wp-content\/uploads\/cache\/2020\/08\/3v\/974082381.jpg\" src=\"data:image\/svg+xml,%3Csvg%20xmlns%3D%22http%3A%2F%2Fwww.w3.org%2F2000%2Fsvg%22%20width%3D%22450%22%20height%3D%22268%22%20viewBox%3D%220%200%20450%20268%22%3E%3C%2Fsvg%3E\" \/><\/span><span class=\"fg-image-overlay\"><\/span><\/a><\/figure><div class=\"fg-loader\"><\/div><\/div><div class=\"fg-item fg-type-image fg-idle\"><figure class=\"fg-item-inner\"><a href=\"https:\/\/alesalosny.com\/wp-content\/uploads\/2020\/08\/4v.jpg\" data-attachment-id=\"1097\" class=\"fg-thumb\"><span class=\"fg-image-wrap\"><img loading=\"lazy\" width=\"450\" height=\"268\" class=\"skip-lazy fg-image\" data-src-fg=\"https:\/\/alesalosny.com\/wp-content\/uploads\/cache\/2020\/08\/4v\/2971387160.jpg\" src=\"data:image\/svg+xml,%3Csvg%20xmlns%3D%22http%3A%2F%2Fwww.w3.org%2F2000%2Fsvg%22%20width%3D%22450%22%20height%3D%22268%22%20viewBox%3D%220%200%20450%20268%22%3E%3C%2Fsvg%3E\" \/><\/span><span class=\"fg-image-overlay\"><\/span><\/a><\/figure><div class=\"fg-loader\"><\/div><\/div><div class=\"fg-item fg-type-image fg-idle\"><figure class=\"fg-item-inner\"><a href=\"https:\/\/alesalosny.com\/wp-content\/uploads\/2020\/08\/5v.jpg\" data-attachment-id=\"1098\" class=\"fg-thumb\"><span class=\"fg-image-wrap\"><img loading=\"lazy\" width=\"450\" height=\"268\" class=\"skip-lazy fg-image\" data-src-fg=\"https:\/\/alesalosny.com\/wp-content\/uploads\/cache\/2020\/08\/5v\/1372709544.jpg\" src=\"data:image\/svg+xml,%3Csvg%20xmlns%3D%22http%3A%2F%2Fwww.w3.org%2F2000%2Fsvg%22%20width%3D%22450%22%20height%3D%22268%22%20viewBox%3D%220%200%20450%20268%22%3E%3C%2Fsvg%3E\" \/><\/span><span class=\"fg-image-overlay\"><\/span><\/a><\/figure><div class=\"fg-loader\"><\/div><\/div><div class=\"fg-item fg-type-image fg-idle\"><figure class=\"fg-item-inner\"><a href=\"https:\/\/alesalosny.com\/wp-content\/uploads\/2020\/08\/6v.jpg\" data-attachment-id=\"1099\" class=\"fg-thumb\"><span class=\"fg-image-wrap\"><img loading=\"lazy\" width=\"450\" height=\"268\" class=\"skip-lazy fg-image\" data-src-fg=\"https:\/\/alesalosny.com\/wp-content\/uploads\/cache\/2020\/08\/6v\/2267621361.jpg\" src=\"data:image\/svg+xml,%3Csvg%20xmlns%3D%22http%3A%2F%2Fwww.w3.org%2F2000%2Fsvg%22%20width%3D%22450%22%20height%3D%22268%22%20viewBox%3D%220%200%20450%20268%22%3E%3C%2Fsvg%3E\" \/><\/span><span class=\"fg-image-overlay\"><\/span><\/a><\/figure><div class=\"fg-loader\"><\/div><\/div><div class=\"fg-item fg-type-image fg-idle\"><figure class=\"fg-item-inner\"><a href=\"https:\/\/alesalosny.com\/wp-content\/uploads\/2020\/08\/7v.jpg\" data-attachment-id=\"1100\" class=\"fg-thumb\"><span class=\"fg-image-wrap\"><img loading=\"lazy\" width=\"450\" height=\"268\" class=\"skip-lazy fg-image\" data-src-fg=\"https:\/\/alesalosny.com\/wp-content\/uploads\/cache\/2020\/08\/7v\/788437043.jpg\" src=\"data:image\/svg+xml,%3Csvg%20xmlns%3D%22http%3A%2F%2Fwww.w3.org%2F2000%2Fsvg%22%20width%3D%22450%22%20height%3D%22268%22%20viewBox%3D%220%200%20450%20268%22%3E%3C%2Fsvg%3E\" \/><\/span><span class=\"fg-image-overlay\"><\/span><\/a><\/figure><div class=\"fg-loader\"><\/div><\/div><div class=\"fg-item fg-type-image fg-idle\"><figure class=\"fg-item-inner\"><a href=\"https:\/\/alesalosny.com\/wp-content\/uploads\/2020\/08\/8v.jpg\" data-attachment-id=\"1101\" class=\"fg-thumb\"><span class=\"fg-image-wrap\"><img loading=\"lazy\" width=\"450\" height=\"268\" class=\"skip-lazy fg-image\" data-src-fg=\"https:\/\/alesalosny.com\/wp-content\/uploads\/cache\/2020\/08\/8v\/506637950.jpg\" src=\"data:image\/svg+xml,%3Csvg%20xmlns%3D%22http%3A%2F%2Fwww.w3.org%2F2000%2Fsvg%22%20width%3D%22450%22%20height%3D%22268%22%20viewBox%3D%220%200%20450%20268%22%3E%3C%2Fsvg%3E\" \/><\/span><span class=\"fg-image-overlay\"><\/span><\/a><\/figure><div class=\"fg-loader\"><\/div><\/div><div class=\"fg-item fg-type-image fg-idle\"><figure class=\"fg-item-inner\"><a href=\"https:\/\/alesalosny.com\/wp-content\/uploads\/2020\/08\/9v.jpg\" data-attachment-id=\"1102\" class=\"fg-thumb\"><span class=\"fg-image-wrap\"><img loading=\"lazy\" width=\"450\" height=\"268\" class=\"skip-lazy fg-image\" data-src-fg=\"https:\/\/alesalosny.com\/wp-content\/uploads\/cache\/2020\/08\/9v\/3819353816.jpg\" src=\"data:image\/svg+xml,%3Csvg%20xmlns%3D%22http%3A%2F%2Fwww.w3.org%2F2000%2Fsvg%22%20width%3D%22450%22%20height%3D%22268%22%20viewBox%3D%220%200%20450%20268%22%3E%3C%2Fsvg%3E\" \/><\/span><span class=\"fg-image-overlay\"><\/span><\/a><\/figure><div class=\"fg-loader\"><\/div><\/div><div class=\"fg-item fg-type-image fg-idle\"><figure class=\"fg-item-inner\"><a href=\"https:\/\/alesalosny.com\/wp-content\/uploads\/2020\/08\/10v.jpg\" data-attachment-id=\"1103\" class=\"fg-thumb\"><span class=\"fg-image-wrap\"><img loading=\"lazy\" width=\"450\" height=\"268\" class=\"skip-lazy fg-image\" data-src-fg=\"https:\/\/alesalosny.com\/wp-content\/uploads\/cache\/2020\/08\/10v\/3774964206.jpg\" src=\"data:image\/svg+xml,%3Csvg%20xmlns%3D%22http%3A%2F%2Fwww.w3.org%2F2000%2Fsvg%22%20width%3D%22450%22%20height%3D%22268%22%20viewBox%3D%220%200%20450%20268%22%3E%3C%2Fsvg%3E\" \/><\/span><span class=\"fg-image-overlay\"><\/span><\/a><\/figure><div class=\"fg-loader\"><\/div><\/div><div class=\"fg-item fg-type-image fg-idle\"><figure class=\"fg-item-inner\"><a href=\"https:\/\/alesalosny.com\/wp-content\/uploads\/2020\/08\/11v.jpg\" data-attachment-id=\"1104\" class=\"fg-thumb\"><span class=\"fg-image-wrap\"><img loading=\"lazy\" width=\"450\" height=\"268\" class=\"skip-lazy fg-image\" data-src-fg=\"https:\/\/alesalosny.com\/wp-content\/uploads\/cache\/2020\/08\/11v\/1967663756.jpg\" src=\"data:image\/svg+xml,%3Csvg%20xmlns%3D%22http%3A%2F%2Fwww.w3.org%2F2000%2Fsvg%22%20width%3D%22450%22%20height%3D%22268%22%20viewBox%3D%220%200%20450%20268%22%3E%3C%2Fsvg%3E\" \/><\/span><span class=\"fg-image-overlay\"><\/span><\/a><\/figure><div class=\"fg-loader\"><\/div><\/div><div class=\"fg-item fg-type-image fg-idle\"><figure class=\"fg-item-inner\"><a href=\"https:\/\/alesalosny.com\/wp-content\/uploads\/2020\/08\/REMODELANDO.jpg\" data-attachment-id=\"1105\" class=\"fg-thumb\"><span class=\"fg-image-wrap\"><img loading=\"lazy\" width=\"450\" height=\"216\" class=\"skip-lazy fg-image\" data-src-fg=\"https:\/\/alesalosny.com\/wp-content\/uploads\/cache\/2020\/08\/REMODELANDO\/372386359.jpg\" src=\"data:image\/svg+xml,%3Csvg%20xmlns%3D%22http%3A%2F%2Fwww.w3.org%2F2000%2Fsvg%22%20width%3D%22450%22%20height%3D%22216%22%20viewBox%3D%220%200%20450%20216%22%3E%3C%2Fsvg%3E\" \/><\/span><span class=\"fg-image-overlay\"><\/span><\/a><\/figure><div class=\"fg-loader\"><\/div><\/div><div class=\"fg-item fg-type-image fg-idle\"><figure class=\"fg-item-inner\"><a href=\"https:\/\/alesalosny.com\/wp-content\/uploads\/2020\/08\/12v.jpg\" data-attachment-id=\"1106\" class=\"fg-thumb\"><span class=\"fg-image-wrap\"><img loading=\"lazy\" width=\"450\" height=\"268\" class=\"skip-lazy fg-image\" data-src-fg=\"https:\/\/alesalosny.com\/wp-content\/uploads\/cache\/2020\/08\/12v\/1696154916.jpg\" src=\"data:image\/svg+xml,%3Csvg%20xmlns%3D%22http%3A%2F%2Fwww.w3.org%2F2000%2Fsvg%22%20width%3D%22450%22%20height%3D%22268%22%20viewBox%3D%220%200%20450%20268%22%3E%3C%2Fsvg%3E\" \/><\/span><span class=\"fg-image-overlay\"><\/span><\/a><\/figure><div class=\"fg-loader\"><\/div><\/div><div class=\"fg-item fg-type-image fg-idle\"><figure class=\"fg-item-inner\"><a href=\"https:\/\/alesalosny.com\/wp-content\/uploads\/2020\/08\/13v.jpg\" data-attachment-id=\"1107\" class=\"fg-thumb\"><span class=\"fg-image-wrap\"><img loading=\"lazy\" width=\"450\" height=\"268\" class=\"skip-lazy fg-image\" data-src-fg=\"https:\/\/alesalosny.com\/wp-content\/uploads\/cache\/2020\/08\/13v\/2335505393.jpg\" src=\"data:image\/svg+xml,%3Csvg%20xmlns%3D%22http%3A%2F%2Fwww.w3.org%2F2000%2Fsvg%22%20width%3D%22450%22%20height%3D%22268%22%20viewBox%3D%220%200%20450%20268%22%3E%3C%2Fsvg%3E\" \/><\/span><span class=\"fg-image-overlay\"><\/span><\/a><\/figure><div class=\"fg-loader\"><\/div><\/div><div class=\"fg-item fg-type-image fg-idle\"><figure class=\"fg-item-inner\"><a href=\"https:\/\/alesalosny.com\/wp-content\/uploads\/2020\/08\/15v.jpg\" data-attachment-id=\"1109\" class=\"fg-thumb\"><span class=\"fg-image-wrap\"><img loading=\"lazy\" width=\"450\" height=\"268\" class=\"skip-lazy fg-image\" data-src-fg=\"https:\/\/alesalosny.com\/wp-content\/uploads\/cache\/2020\/08\/15v\/624638584.jpg\" src=\"data:image\/svg+xml,%3Csvg%20xmlns%3D%22http%3A%2F%2Fwww.w3.org%2F2000%2Fsvg%22%20width%3D%22450%22%20height%3D%22268%22%20viewBox%3D%220%200%20450%20268%22%3E%3C%2Fsvg%3E\" \/><\/span><span class=\"fg-image-overlay\"><\/span><\/a><\/figure><div class=\"fg-loader\"><\/div><\/div><div class=\"fg-item fg-type-image fg-idle\"><figure class=\"fg-item-inner\"><a href=\"https:\/\/alesalosny.com\/wp-content\/uploads\/2020\/08\/14v.jpg\" data-attachment-id=\"1108\" class=\"fg-thumb\"><span class=\"fg-image-wrap\"><img loading=\"lazy\" width=\"450\" height=\"268\" class=\"skip-lazy fg-image\" data-src-fg=\"https:\/\/alesalosny.com\/wp-content\/uploads\/cache\/2020\/08\/14v\/3407250605.jpg\" src=\"data:image\/svg+xml,%3Csvg%20xmlns%3D%22http%3A%2F%2Fwww.w3.org%2F2000%2Fsvg%22%20width%3D%22450%22%20height%3D%22268%22%20viewBox%3D%220%200%20450%20268%22%3E%3C%2Fsvg%3E\" \/><\/span><span class=\"fg-image-overlay\"><\/span><\/a><\/figure><div class=\"fg-loader\"><\/div><\/div><div class=\"fg-item fg-type-image fg-idle\"><figure class=\"fg-item-inner\"><a href=\"https:\/\/alesalosny.com\/wp-content\/uploads\/2021\/08\/1rv.jpg\" data-attachment-id=\"1118\" class=\"fg-thumb\"><span class=\"fg-image-wrap\"><img loading=\"lazy\" width=\"450\" height=\"226\" class=\"skip-lazy fg-image\" data-src-fg=\"https:\/\/alesalosny.com\/wp-content\/uploads\/cache\/2021\/08\/1rv\/3337635091.jpg\" src=\"data:image\/svg+xml,%3Csvg%20xmlns%3D%22http%3A%2F%2Fwww.w3.org%2F2000%2Fsvg%22%20width%3D%22450%22%20height%3D%22226%22%20viewBox%3D%220%200%20450%20226%22%3E%3C%2Fsvg%3E\" \/><\/span><span class=\"fg-image-overlay\"><\/span><\/a><\/figure><div class=\"fg-loader\"><\/div><\/div><div class=\"fg-item fg-type-image fg-idle\"><figure class=\"fg-item-inner\"><a href=\"https:\/\/alesalosny.com\/wp-content\/uploads\/2021\/08\/2rv.jpg\" data-attachment-id=\"1119\" class=\"fg-thumb\"><span class=\"fg-image-wrap\"><img loading=\"lazy\" width=\"450\" height=\"244\" class=\"skip-lazy fg-image\" data-src-fg=\"https:\/\/alesalosny.com\/wp-content\/uploads\/cache\/2021\/08\/2rv\/3566294150.jpg\" src=\"data:image\/svg+xml,%3Csvg%20xmlns%3D%22http%3A%2F%2Fwww.w3.org%2F2000%2Fsvg%22%20width%3D%22450%22%20height%3D%22244%22%20viewBox%3D%220%200%20450%20244%22%3E%3C%2Fsvg%3E\" \/><\/span><span class=\"fg-image-overlay\"><\/span><\/a><\/figure><div class=\"fg-loader\"><\/div><\/div><\/div>\t\t<\/div>\n\t\t\t\t<\/div>\n\t\t\t\t\t\t<\/div>\n\t\t\t\t\t<\/div>\n\t\t<\/div>\n\t\t\t\t\t\t\t\t<\/div>\n\t\t\t\t\t<\/div>\n\t\t<\/section>\n\t\t\t\t\t\t<\/div>\n\t\t\t\t\t\t<\/div>\n\t\t\t\t\t<\/div>\n\t\t","protected":false},"excerpt":{"rendered":"<p>Venchi.cl es un sitio de venta de online con una gran variedad de productos gourmet de reposter\u00eda nacional como internacional con m\u00e1s de 30 a\u00f1os en el rubro. El requerimiento para este cliente, consist\u00eda en darle un nuevo orden a la informaci\u00f3n, dise\u00f1o y estructura del sitio para hacerlo m\u00e1s amigable de forma est\u00e9tica y funcional. Las \u00faltimas 2 im\u00e1genes de la galer\u00eda corresponden al sitio anterior . Venchi maneja un inventario de m\u00e1s de 300 productos por lo que un punto importante a establecer fue el de la AI, mediante patrones de similitud se pudo establecer un nuevo orden para facilitar la agrupaci\u00f3n de contenidos para una navegaci\u00f3n y b\u00fasqueda m\u00e1s eficiente. La pantalla 15 en la galer\u00eda( https:\/\/alesalosny.com\/wp-content\/uploads\/2020\/08\/15v.jpg ), muestra como se definio la nueva AI del sitio, la pantalla 16 en la galer\u00eda muestra como estaba en el sitio anterior ( https:\/\/alesalosny.com\/wp-content\/uploads\/2020\/08\/14v.jpg). en t\u00e9rminos est\u00e9ticos se priorizaron los colores vibrantes por el tipo de productos y solicitud del cliente, tambi\u00e9n se investigo a nivel visual el rubro. Y se potencio el personaje del logo &#8220;Venchito&#8221; para darle mayor personalidad y una cualidad m\u00e1s amigable a Venchi. Dentro del dise\u00f1o tambi\u00e9n se modifico el uso del toldo en [&hellip;]<\/p>\n","protected":false},"author":1,"featured_media":0,"parent":0,"menu_order":0,"comment_status":"closed","ping_status":"closed","template":"elementor_theme","meta":{"advanced_seo_description":"","ngg_post_thumbnail":0,"spay_email":""},"_links":{"self":[{"href":"https:\/\/alesalosny.com\/index.php\/wp-json\/wp\/v2\/pages\/1110"}],"collection":[{"href":"https:\/\/alesalosny.com\/index.php\/wp-json\/wp\/v2\/pages"}],"about":[{"href":"https:\/\/alesalosny.com\/index.php\/wp-json\/wp\/v2\/types\/page"}],"author":[{"embeddable":true,"href":"https:\/\/alesalosny.com\/index.php\/wp-json\/wp\/v2\/users\/1"}],"replies":[{"embeddable":true,"href":"https:\/\/alesalosny.com\/index.php\/wp-json\/wp\/v2\/comments?post=1110"}],"version-history":[{"count":37,"href":"https:\/\/alesalosny.com\/index.php\/wp-json\/wp\/v2\/pages\/1110\/revisions"}],"predecessor-version":[{"id":1217,"href":"https:\/\/alesalosny.com\/index.php\/wp-json\/wp\/v2\/pages\/1110\/revisions\/1217"}],"wp:attachment":[{"href":"https:\/\/alesalosny.com\/index.php\/wp-json\/wp\/v2\/media?parent=1110"}],"curies":[{"name":"wp","href":"https:\/\/api.w.org\/{rel}","templated":true}]}}