{"id":158,"date":"2014-08-12T08:33:35","date_gmt":"2014-08-12T08:33:35","guid":{"rendered":"http:\/\/www.gt3themes.com\/wordpress-themes\/pure\/?page_id=158"},"modified":"2021-08-19T13:19:49","modified_gmt":"2021-08-19T13:19:49","slug":"sobre-mi","status":"publish","type":"page","link":"https:\/\/alesalosny.com\/index.php\/sobre-mi\/","title":{"rendered":"Sobre mi"},"content":{"rendered":"\t\t<div data-elementor-type=\"wp-page\" data-elementor-id=\"158\" class=\"elementor elementor-158\" data-elementor-settings=\"[]\">\n\t\t\t\t\t\t<div class=\"elementor-inner\">\n\t\t\t\t\t\t\t<div class=\"elementor-section-wrap\">\n\t\t\t\t\t\t\t<section class=\"elementor-section elementor-top-section elementor-element elementor-element-c11ca19 elementor-section-boxed elementor-section-height-default elementor-section-height-default\" data-id=\"c11ca19\" data-element_type=\"section\">\n\t\t\t\t\t\t<div class=\"elementor-container elementor-column-gap-default\">\n\t\t\t\t\t\t\t<div class=\"elementor-row\">\n\t\t\t\t\t<div class=\"elementor-column elementor-col-50 elementor-top-column elementor-element elementor-element-50dcc0d\" data-id=\"50dcc0d\" data-element_type=\"column\">\n\t\t\t<div class=\"elementor-column-wrap elementor-element-populated\">\n\t\t\t\t\t\t\t<div class=\"elementor-widget-wrap\">\n\t\t\t\t\t\t<div class=\"elementor-element elementor-element-ee94a43 elementor-widget elementor-widget-spacer\" data-id=\"ee94a43\" data-element_type=\"widget\" data-widget_type=\"spacer.default\">\n\t\t\t\t<div class=\"elementor-widget-container\">\n\t\t\t\t\t<div class=\"elementor-spacer\">\n\t\t\t<div class=\"elementor-spacer-inner\"><\/div>\n\t\t<\/div>\n\t\t\t\t<\/div>\n\t\t\t\t<\/div>\n\t\t\t\t<div class=\"elementor-element elementor-element-aa0f1f9 elementor-widget elementor-widget-image\" data-id=\"aa0f1f9\" data-element_type=\"widget\" data-widget_type=\"image.default\">\n\t\t\t\t<div class=\"elementor-widget-container\">\n\t\t\t\t\t\t\t\t<div class=\"elementor-image\">\n\t\t\t\t\t\t\t\t\t\t\t\t<img width=\"856\" height=\"944\" src=\"https:\/\/i0.wp.com\/alesalosny.com\/wp-content\/uploads\/2020\/08\/ABOUT_web-3.jpg?fit=856%2C944&amp;ssl=1\" class=\"attachment-large size-large\" alt=\"\" loading=\"lazy\" srcset=\"https:\/\/i0.wp.com\/alesalosny.com\/wp-content\/uploads\/2020\/08\/ABOUT_web-3.jpg?w=856&amp;ssl=1 856w, https:\/\/i0.wp.com\/alesalosny.com\/wp-content\/uploads\/2020\/08\/ABOUT_web-3.jpg?resize=272%2C300&amp;ssl=1 272w, https:\/\/i0.wp.com\/alesalosny.com\/wp-content\/uploads\/2020\/08\/ABOUT_web-3.jpg?resize=768%2C847&amp;ssl=1 768w\" sizes=\"(max-width: 856px) 100vw, 856px\" \/>\t\t\t\t\t\t\t\t\t\t\t\t\t\t<\/div>\n\t\t\t\t\t\t<\/div>\n\t\t\t\t<\/div>\n\t\t\t\t\t\t<\/div>\n\t\t\t\t\t<\/div>\n\t\t<\/div>\n\t\t\t\t<div class=\"elementor-column elementor-col-50 elementor-top-column elementor-element elementor-element-35d1d74\" data-id=\"35d1d74\" data-element_type=\"column\">\n\t\t\t<div class=\"elementor-column-wrap elementor-element-populated\">\n\t\t\t\t\t\t\t<div class=\"elementor-widget-wrap\">\n\t\t\t\t\t\t<div class=\"elementor-element elementor-element-a0cde6c elementor-widget elementor-widget-spacer\" data-id=\"a0cde6c\" data-element_type=\"widget\" data-widget_type=\"spacer.default\">\n\t\t\t\t<div class=\"elementor-widget-container\">\n\t\t\t\t\t<div class=\"elementor-spacer\">\n\t\t\t<div class=\"elementor-spacer-inner\"><\/div>\n\t\t<\/div>\n\t\t\t\t<\/div>\n\t\t\t\t<\/div>\n\t\t\t\t<div class=\"elementor-element elementor-element-94f40c1 elementor-widget elementor-widget-heading\" data-id=\"94f40c1\" data-element_type=\"widget\" data-widget_type=\"heading.default\">\n\t\t\t\t<div class=\"elementor-widget-container\">\n\t\t\t<h4 class=\"elementor-heading-title elementor-size-default\">Estudios & experiencia<\/h4>\t\t<\/div>\n\t\t\t\t<\/div>\n\t\t\t\t<div class=\"elementor-element elementor-element-82f413b elementor-widget elementor-widget-text-editor\" data-id=\"82f413b\" data-element_type=\"widget\" data-widget_type=\"text-editor.default\">\n\t\t\t\t<div class=\"elementor-widget-container\">\n\t\t\t\t\t\t\t\t<div class=\"elementor-text-editor elementor-clearfix\">\n\t\t\t\t\t<p style=\"text-align: left;\" aria-level=\"1\"><span class=\"TextRun SCXW12695028 BCX0\" lang=\"ES-MX\" xml:lang=\"ES-MX\" data-contrast=\"auto\"><span class=\"NormalTextRun ContextualSpellingAndGrammarErrorV2 SCXW12695028 BCX0\">Hola!<\/span><span class=\"NormalTextRun SCXW12695028 BCX0\">\u00a0Soy Ale\u00a0<\/span><span class=\"NormalTextRun SpellingErrorV2 SCXW12695028 BCX0\">Salosny<\/span><span class=\"NormalTextRun SCXW12695028 BCX0\">, dise\u00f1adora licenciada en ciencias y artes de la comunicaci\u00f3n visual, UTEM.<\/span><span class=\"NormalTextRun SCXW12695028 BCX0\">\u00a0Complemente mis estudios con cursos de<\/span><\/span><span class=\"EOP SCXW12695028 BCX0\" data-ccp-props=\"{\">\u00a0Dise\u00f1o UX\/UI, Figma y WordPress en la Plataforma de educaci\u00f3n digital Coderhouse.<\/span><\/p><p style=\"text-align: left;\"><span class=\"TextRun SCXW237695118 BCX0\" lang=\"ES-MX\" xml:lang=\"ES-MX\" data-contrast=\"auto\"><span class=\"NormalTextRun SCXW237695118 BCX0\">Me apasiona el dise\u00f1o y actualmente me especializo en el \u00e1rea digital, desarrollando proyectos desde la investigaci\u00f3n y an\u00e1lisis de informaci\u00f3n, para el desarrollo de propuestas visuales que puedan identificarse con modelos mentales alineados a objetivos de clientes y usuarios, procesos orientados al &#8220;<\/span><\/span><span class=\"TextRun SCXW237695118 BCX0\" lang=\"ES-MX\" xml:lang=\"ES-MX\" data-contrast=\"auto\"><span class=\"NormalTextRun SCXW237695118 BCX0\">look and\u00a0<\/span><span class=\"NormalTextRun SpellingErrorV2 SCXW237695118 BCX0\">feel<\/span><\/span><span class=\"TextRun SCXW237695118 BCX0\" lang=\"ES-MX\" xml:lang=\"ES-MX\" data-contrast=\"auto\"><span class=\"NormalTextRun SCXW237695118 BCX0\">&#8221; usados en las metodolog\u00edas de las disciplinas del dise\u00f1o UX y UI. <\/span><\/span><span class=\"EOP SCXW237695118 BCX0\" data-ccp-props=\"{\">\u00a0<\/span><\/p><p style=\"text-align: left;\"><span data-contrast=\"none\">Tengo experiencia en ambientes de producci\u00f3n digital como en impresos, procesos online\/offline, direcci\u00f3n de arte, asesor\u00eda y procesos de dise\u00f1o en diversas \u00e1reas de servicio como lo son, imprentas, televisi\u00f3n, agencias y empresas.<\/span><span data-ccp-props=\"{\">\u00a0<\/span><\/p>\t\t\t\t\t<\/div>\n\t\t\t\t\t\t<\/div>\n\t\t\t\t<\/div>\n\t\t\t\t<div class=\"elementor-element elementor-element-ca18892 elementor-view-default elementor-widget elementor-widget-icon\" data-id=\"ca18892\" data-element_type=\"widget\" data-widget_type=\"icon.default\">\n\t\t\t\t<div class=\"elementor-widget-container\">\n\t\t\t\t\t<div class=\"elementor-icon-wrapper\">\n\t\t\t<div class=\"elementor-icon\">\n\t\t\t<i aria-hidden=\"true\" class=\"fas fa-mug-hot\"><\/i>\t\t\t<\/div>\n\t\t<\/div>\n\t\t\t\t<\/div>\n\t\t\t\t<\/div>\n\t\t\t\t\t\t<\/div>\n\t\t\t\t\t<\/div>\n\t\t<\/div>\n\t\t\t\t\t\t\t\t<\/div>\n\t\t\t\t\t<\/div>\n\t\t<\/section>\n\t\t\t\t\t\t<\/div>\n\t\t\t\t\t\t<\/div>\n\t\t\t\t\t<\/div>\n\t\t","protected":false},"excerpt":{"rendered":"<p>Estudios &#038; experiencia Hola!\u00a0Soy Ale\u00a0Salosny, dise\u00f1adora licenciada en ciencias y artes de la comunicaci\u00f3n visual, UTEM.\u00a0Complemente mis estudios con cursos de\u00a0Dise\u00f1o UX\/UI, Figma y WordPress en la Plataforma de educaci\u00f3n digital Coderhouse. Me apasiona el dise\u00f1o y actualmente me especializo en el \u00e1rea digital, desarrollando proyectos desde la investigaci\u00f3n y an\u00e1lisis de informaci\u00f3n, para el desarrollo de propuestas visuales que puedan identificarse con modelos mentales alineados a objetivos de clientes y usuarios, procesos orientados al &#8220;look and\u00a0feel&#8221; usados en las metodolog\u00edas de las disciplinas del dise\u00f1o UX y UI. \u00a0 Tengo experiencia en ambientes de producci\u00f3n digital como en impresos, procesos online\/offline, direcci\u00f3n de arte, asesor\u00eda y procesos de dise\u00f1o en diversas \u00e1reas de servicio como lo son, imprentas, televisi\u00f3n, agencias y empresas.\u00a0<\/p>\n","protected":false},"author":1,"featured_media":0,"parent":0,"menu_order":0,"comment_status":"closed","ping_status":"closed","template":"","meta":{"advanced_seo_description":"","ngg_post_thumbnail":0,"spay_email":""},"_links":{"self":[{"href":"https:\/\/alesalosny.com\/index.php\/wp-json\/wp\/v2\/pages\/158"}],"collection":[{"href":"https:\/\/alesalosny.com\/index.php\/wp-json\/wp\/v2\/pages"}],"about":[{"href":"https:\/\/alesalosny.com\/index.php\/wp-json\/wp\/v2\/types\/page"}],"author":[{"embeddable":true,"href":"https:\/\/alesalosny.com\/index.php\/wp-json\/wp\/v2\/users\/1"}],"replies":[{"embeddable":true,"href":"https:\/\/alesalosny.com\/index.php\/wp-json\/wp\/v2\/comments?post=158"}],"version-history":[{"count":50,"href":"https:\/\/alesalosny.com\/index.php\/wp-json\/wp\/v2\/pages\/158\/revisions"}],"predecessor-version":[{"id":1237,"href":"https:\/\/alesalosny.com\/index.php\/wp-json\/wp\/v2\/pages\/158\/revisions\/1237"}],"wp:attachment":[{"href":"https:\/\/alesalosny.com\/index.php\/wp-json\/wp\/v2\/media?parent=158"}],"curies":[{"name":"wp","href":"https:\/\/api.w.org\/{rel}","templated":true}]}}