{"id":741,"date":"2021-07-02T14:43:06","date_gmt":"2021-07-02T14:43:06","guid":{"rendered":"https:\/\/alesalosny.com\/?page_id=741"},"modified":"2021-10-07T21:05:29","modified_gmt":"2021-10-07T21:05:29","slug":"app-discover-exp","status":"publish","type":"page","link":"https:\/\/alesalosny.com\/index.php\/app-discover-exp\/","title":{"rendered":"Discover EXP"},"content":{"rendered":"\t\t<div data-elementor-type=\"wp-page\" data-elementor-id=\"741\" class=\"elementor elementor-741\" data-elementor-settings=\"[]\">\n\t\t\t\t\t\t<div class=\"elementor-inner\">\n\t\t\t\t\t\t\t<div class=\"elementor-section-wrap\">\n\t\t\t\t\t\t\t<section class=\"elementor-section elementor-top-section elementor-element elementor-element-c0fe22c elementor-section-boxed elementor-section-height-default elementor-section-height-default\" data-id=\"c0fe22c\" data-element_type=\"section\">\n\t\t\t\t\t\t<div class=\"elementor-container elementor-column-gap-default\">\n\t\t\t\t\t\t\t<div class=\"elementor-row\">\n\t\t\t\t\t<div class=\"elementor-column elementor-col-50 elementor-top-column elementor-element elementor-element-bb91580\" data-id=\"bb91580\" data-element_type=\"column\">\n\t\t\t<div class=\"elementor-column-wrap elementor-element-populated\">\n\t\t\t\t\t\t\t<div class=\"elementor-widget-wrap\">\n\t\t\t\t\t\t<div class=\"elementor-element elementor-element-e4d7506 elementor-view-default elementor-vertical-align-top elementor-widget elementor-widget-icon-box\" data-id=\"e4d7506\" data-element_type=\"widget\" data-widget_type=\"icon-box.default\">\n\t\t\t\t<div class=\"elementor-widget-container\">\n\t\t\t\t\t<div class=\"elementor-icon-box-wrapper\">\n\t\t\t\t\t\t<div class=\"elementor-icon-box-content\">\n\t\t\t\t<h3 class=\"elementor-icon-box-title\">\n\t\t\t\t\t<span ><\/span>\n\t\t\t\t<\/h3>\n\t\t\t\t\t\t\t\t<p class=\"elementor-icon-box-description\"><b>Qu\u00e9 es DISCOVER EXP<\/b>?  Es una plataforma digital dedicada a la oferta de actividades que permitan experimentar lugares o la cultura de una zona en especifico, organizadas por gente local y operadores tur\u00edsticos de todo el<br>mundo. Para el dise\u00f1o se uso en el proceso creativo se uso la metodolog\u00eda <span style=\"font-weight: 700;\">Desing Thinking.<\/span><br><\/p>\n\t\t\t\t\t\t\t<\/div>\n\t\t<\/div>\n\t\t\t\t<\/div>\n\t\t\t\t<\/div>\n\t\t\t\t<div class=\"elementor-element elementor-element-0deb50b elementor-view-default elementor-vertical-align-top elementor-widget elementor-widget-icon-box\" data-id=\"0deb50b\" data-element_type=\"widget\" data-widget_type=\"icon-box.default\">\n\t\t\t\t<div class=\"elementor-widget-container\">\n\t\t\t\t\t<div class=\"elementor-icon-box-wrapper\">\n\t\t\t\t\t\t<div class=\"elementor-icon-box-content\">\n\t\t\t\t<h3 class=\"elementor-icon-box-title\">\n\t\t\t\t\t<span ><\/span>\n\t\t\t\t<\/h3>\n\t\t\t\t\t\t\t\t<p class=\"elementor-icon-box-description\">Para el dise\u00f1o UI de la app, se trabajo en un proceso de 4 etapas: <b>Bocetaje<\/b>, en el que se desarrollaron ideas, soluciones y caracter\u00edsticas en base a los resultados de a investigaci\u00f3n(UX),  en una segunda instancia se procedi\u00f3 a la generaci\u00f3n de <b>wireframes<\/b> para visualizar y priorizar jerarqu\u00edas(uso de AI), funcionalidades, pantallas y diagramas de flujo. En un tercer lugar proced\u00ed al dise\u00f1o de <b>mockup<\/b> para definir y pulir el look &amp; feel e iconograf\u00eda y finalmente <b>prototipar<\/b> lo que <\/p>\n\t\t\t\t\t\t\t<\/div>\n\t\t<\/div>\n\t\t\t\t<\/div>\n\t\t\t\t<\/div>\n\t\t\t\t\t\t<\/div>\n\t\t\t\t\t<\/div>\n\t\t<\/div>\n\t\t\t\t<div class=\"elementor-column elementor-col-50 elementor-top-column elementor-element elementor-element-aa656fa\" data-id=\"aa656fa\" data-element_type=\"column\">\n\t\t\t<div class=\"elementor-column-wrap elementor-element-populated\">\n\t\t\t\t\t\t\t<div class=\"elementor-widget-wrap\">\n\t\t\t\t\t\t<div class=\"elementor-element elementor-element-97ad8e2 elementor-view-default elementor-vertical-align-top elementor-widget elementor-widget-icon-box\" data-id=\"97ad8e2\" data-element_type=\"widget\" data-widget_type=\"icon-box.default\">\n\t\t\t\t<div class=\"elementor-widget-container\">\n\t\t\t\t\t<div class=\"elementor-icon-box-wrapper\">\n\t\t\t\t\t\t<div class=\"elementor-icon-box-content\">\n\t\t\t\t<h3 class=\"elementor-icon-box-title\">\n\t\t\t\t\t<span ><\/span>\n\t\t\t\t<\/h3>\n\t\t\t\t\t\t\t\t<p class=\"elementor-icon-box-description\">contempla dise\u00f1ar e implementar motion y testear. la l\u00ednea de dise\u00f1o se tomaron colores lum\u00ednicos con una gradiente naranja, aludiendo a la actividad , a la vez es un color con una connotaci\u00f3n din\u00e1mica, en combinaci\u00f3n con el alto contraste de tonos como el negro y el blanco para indicaci\u00f3n de botoneras y textos.<br>Se dosifico la carga visual informativa por pantallas, siendo un elemento importante para el atractivo visual el uso de im\u00e1genes, las que tambi\u00e9n se emplean para contextualizar la navegaci\u00f3n a los usuarios .<br>Este proyecto fue desarrollado para un curso de Figma impartido por la plataforma de educaci\u00f3n digital Coderhouse. Al tener caracter\u00edsticas de un side proyect use la tipograf\u00eda Roboto siendo nativa para el SO Android en vez de usar San Francisco para IOS esto por no desarrollar el dise\u00f1o en tecnolog\u00eda MAC.<\/p>\n\t\t\t\t\t\t\t<\/div>\n\t\t<\/div>\n\t\t\t\t<\/div>\n\t\t\t\t<\/div>\n\t\t\t\t\t\t<\/div>\n\t\t\t\t\t<\/div>\n\t\t<\/div>\n\t\t\t\t\t\t\t\t<\/div>\n\t\t\t\t\t<\/div>\n\t\t<\/section>\n\t\t\t\t<section class=\"elementor-section elementor-top-section elementor-element elementor-element-44481d9 elementor-section-boxed elementor-section-height-default elementor-section-height-default\" data-id=\"44481d9\" data-element_type=\"section\">\n\t\t\t\t\t\t<div class=\"elementor-container elementor-column-gap-default\">\n\t\t\t\t\t\t\t<div class=\"elementor-row\">\n\t\t\t\t\t<div class=\"elementor-column elementor-col-50 elementor-top-column elementor-element elementor-element-13a648e\" data-id=\"13a648e\" data-element_type=\"column\">\n\t\t\t<div class=\"elementor-column-wrap\">\n\t\t\t\t\t\t\t<div class=\"elementor-widget-wrap\">\n\t\t\t\t\t\t\t\t<\/div>\n\t\t\t\t\t<\/div>\n\t\t<\/div>\n\t\t\t\t<div class=\"elementor-column elementor-col-50 elementor-top-column elementor-element elementor-element-88ad1b2\" data-id=\"88ad1b2\" data-element_type=\"column\">\n\t\t\t<div class=\"elementor-column-wrap\">\n\t\t\t\t\t\t\t<div class=\"elementor-widget-wrap\">\n\t\t\t\t\t\t\t\t<\/div>\n\t\t\t\t\t<\/div>\n\t\t<\/div>\n\t\t\t\t\t\t\t\t<\/div>\n\t\t\t\t\t<\/div>\n\t\t<\/section>\n\t\t\t\t<section class=\"elementor-section elementor-top-section elementor-element elementor-element-9070442 elementor-section-boxed elementor-section-height-default elementor-section-height-default\" data-id=\"9070442\" data-element_type=\"section\">\n\t\t\t\t\t\t<div class=\"elementor-container elementor-column-gap-default\">\n\t\t\t\t\t\t\t<div class=\"elementor-row\">\n\t\t\t\t\t<div class=\"elementor-column elementor-col-100 elementor-top-column elementor-element elementor-element-b66c162\" data-id=\"b66c162\" data-element_type=\"column\">\n\t\t\t<div class=\"elementor-column-wrap elementor-element-populated\">\n\t\t\t\t\t\t\t<div class=\"elementor-widget-wrap\">\n\t\t\t\t\t\t<div class=\"elementor-element elementor-element-8f90bf5 elementor-view-default elementor-vertical-align-top elementor-widget elementor-widget-icon-box\" data-id=\"8f90bf5\" data-element_type=\"widget\" data-widget_type=\"icon-box.default\">\n\t\t\t\t<div class=\"elementor-widget-container\">\n\t\t\t\t\t<div class=\"elementor-icon-box-wrapper\">\n\t\t\t\t\t\t<div class=\"elementor-icon-box-content\">\n\t\t\t\t<h3 class=\"elementor-icon-box-title\">\n\t\t\t\t\t<span >NAVEGACI\u00d3N E INTERACIONES<\/span>\n\t\t\t\t<\/h3>\n\t\t\t\t\t\t\t\t<p class=\"elementor-icon-box-description\">Se desarrollo en base a la investigaci\u00f3n de los usuarios, para determinar la navegaci\u00f3n en base a card sorting para el orden de los contenidos y el desarrollo de la arquitectura del prototipo. <\/p>\n\t\t\t\t\t\t\t<\/div>\n\t\t<\/div>\n\t\t\t\t<\/div>\n\t\t\t\t<\/div>\n\t\t\t\t<div class=\"elementor-element elementor-element-034aa94 elementor-widget-divider--view-line elementor-widget elementor-widget-divider\" data-id=\"034aa94\" data-element_type=\"widget\" data-widget_type=\"divider.default\">\n\t\t\t\t<div class=\"elementor-widget-container\">\n\t\t\t\t\t<div class=\"elementor-divider\">\n\t\t\t<span class=\"elementor-divider-separator\">\n\t\t\t\t\t\t<\/span>\n\t\t<\/div>\n\t\t\t\t<\/div>\n\t\t\t\t<\/div>\n\t\t\t\t\t\t<\/div>\n\t\t\t\t\t<\/div>\n\t\t<\/div>\n\t\t\t\t\t\t\t\t<\/div>\n\t\t\t\t\t<\/div>\n\t\t<\/section>\n\t\t\t\t<section class=\"elementor-section elementor-top-section elementor-element elementor-element-15f1594 elementor-section-boxed elementor-section-height-default elementor-section-height-default\" data-id=\"15f1594\" data-element_type=\"section\">\n\t\t\t\t\t\t<div class=\"elementor-container elementor-column-gap-default\">\n\t\t\t\t\t\t\t<div class=\"elementor-row\">\n\t\t\t\t\t<div class=\"elementor-column elementor-col-100 elementor-top-column elementor-element elementor-element-f3d12eb\" data-id=\"f3d12eb\" data-element_type=\"column\">\n\t\t\t<div class=\"elementor-column-wrap elementor-element-populated\">\n\t\t\t\t\t\t\t<div class=\"elementor-widget-wrap\">\n\t\t\t\t\t\t<div class=\"elementor-element elementor-element-4d709b5 elementor-aspect-ratio-169 elementor-widget elementor-widget-video\" data-id=\"4d709b5\" data-element_type=\"widget\" data-settings=\"{&quot;video_type&quot;:&quot;vimeo&quot;,&quot;autoplay&quot;:&quot;yes&quot;,&quot;play_on_mobile&quot;:&quot;yes&quot;,&quot;loop&quot;:&quot;yes&quot;,&quot;aspect_ratio&quot;:&quot;169&quot;}\" data-widget_type=\"video.default\">\n\t\t\t\t<div class=\"elementor-widget-container\">\n\t\t\t\t\t<div class=\"elementor-wrapper elementor-fit-aspect-ratio elementor-open-inline\">\n\t\t\t<iframe class=\"elementor-video-iframe\" allowfullscreen title=\"vimeo Video Player\" src=\"https:\/\/player.vimeo.com\/video\/570107556?autoplay=1&amp;playsinline=1&amp;color&amp;autopause=0&amp;loop=1&amp;muted=0&amp;title=1&amp;portrait=1&amp;byline=1#t=\"><\/iframe>\t\t<\/div>\n\t\t\t\t<\/div>\n\t\t\t\t<\/div>\n\t\t\t\t\t\t<\/div>\n\t\t\t\t\t<\/div>\n\t\t<\/div>\n\t\t\t\t\t\t\t\t<\/div>\n\t\t\t\t\t<\/div>\n\t\t<\/section>\n\t\t\t\t<section class=\"elementor-section elementor-top-section elementor-element elementor-element-b20a6bf elementor-section-boxed elementor-section-height-default elementor-section-height-default\" data-id=\"b20a6bf\" data-element_type=\"section\">\n\t\t\t\t\t\t<div class=\"elementor-container elementor-column-gap-default\">\n\t\t\t\t\t\t\t<div class=\"elementor-row\">\n\t\t\t\t\t<div class=\"elementor-column elementor-col-100 elementor-top-column elementor-element elementor-element-34b3e81\" data-id=\"34b3e81\" data-element_type=\"column\">\n\t\t\t<div class=\"elementor-column-wrap elementor-element-populated\">\n\t\t\t\t\t\t\t<div class=\"elementor-widget-wrap\">\n\t\t\t\t\t\t<div class=\"elementor-element elementor-element-a7e2844 elementor-widget-divider--view-line elementor-widget elementor-widget-divider\" data-id=\"a7e2844\" data-element_type=\"widget\" data-widget_type=\"divider.default\">\n\t\t\t\t<div class=\"elementor-widget-container\">\n\t\t\t\t\t<div class=\"elementor-divider\">\n\t\t\t<span class=\"elementor-divider-separator\">\n\t\t\t\t\t\t<\/span>\n\t\t<\/div>\n\t\t\t\t<\/div>\n\t\t\t\t<\/div>\n\t\t\t\t<div class=\"elementor-element elementor-element-b9c72b6 elementor-widget elementor-widget-foogallery\" data-id=\"b9c72b6\" data-element_type=\"widget\" data-widget_type=\"foogallery.default\">\n\t\t\t\t<div class=\"elementor-widget-container\">\n\t\t\t<div class=\"foogallery foogallery-container foogallery-masonry foogallery-lightbox-foobox fg-center fg-masonry fg-dark fg-shadow-small fg-loading-default fg-loaded-fade-in fg-hover-grayscale fg-hover-zoomed fg-captions-bottom fg-hover-fade fg-hover-zoom fg-ready fg-col3\" id=\"foogallery-gallery-858\" data-foogallery=\"{&quot;item&quot;:{&quot;showCaptionTitle&quot;:true,&quot;showCaptionDescription&quot;:true},&quot;lazy&quot;:true}\" >\r\n\t\t<div class=\"fg-column-width\"><\/div>\r\n\t<div class=\"fg-gutter-width\"><\/div>\r\n\t\t<div class=\"fg-item fg-type-image fg-idle\"><figure class=\"fg-item-inner\"><a href=\"https:\/\/alesalosny.com\/wp-content\/uploads\/2021\/07\/Discover-exp-02.png\" data-attachment-id=\"730\" class=\"fg-thumb\"><span class=\"fg-image-wrap\"><img loading=\"lazy\" width=\"450\" height=\"808\" class=\"skip-lazy fg-image\" data-src-fg=\"https:\/\/alesalosny.com\/wp-content\/uploads\/cache\/2021\/07\/Discover-exp-02\/326325723.png\" src=\"data:image\/svg+xml,%3Csvg%20xmlns%3D%22http%3A%2F%2Fwww.w3.org%2F2000%2Fsvg%22%20width%3D%22450%22%20height%3D%22808%22%20viewBox%3D%220%200%20450%20808%22%3E%3C%2Fsvg%3E\" \/><\/span><span class=\"fg-image-overlay\"><\/span><\/a><\/figure><div class=\"fg-loader\"><\/div><\/div><div class=\"fg-item fg-type-image fg-idle\"><figure class=\"fg-item-inner\"><a href=\"https:\/\/alesalosny.com\/wp-content\/uploads\/2021\/07\/6-slide-dicover-06-07-08.png\" data-attachment-id=\"739\" class=\"fg-thumb\"><span class=\"fg-image-wrap\"><img loading=\"lazy\" width=\"450\" height=\"316\" class=\"skip-lazy fg-image\" data-src-fg=\"https:\/\/alesalosny.com\/wp-content\/uploads\/cache\/2021\/07\/6-slide-dicover-06-07-08\/556808660.png\" src=\"data:image\/svg+xml,%3Csvg%20xmlns%3D%22http%3A%2F%2Fwww.w3.org%2F2000%2Fsvg%22%20width%3D%22450%22%20height%3D%22316%22%20viewBox%3D%220%200%20450%20316%22%3E%3C%2Fsvg%3E\" \/><\/span><span class=\"fg-image-overlay\"><\/span><\/a><\/figure><div class=\"fg-loader\"><\/div><\/div><div class=\"fg-item fg-type-image fg-idle\"><figure class=\"fg-item-inner\"><a href=\"https:\/\/alesalosny.com\/wp-content\/uploads\/2021\/07\/1-slide-dicover-03-03.png\" data-attachment-id=\"734\" class=\"fg-thumb\"><span class=\"fg-image-wrap\"><img loading=\"lazy\" width=\"450\" height=\"316\" class=\"skip-lazy fg-image\" data-src-fg=\"https:\/\/alesalosny.com\/wp-content\/uploads\/cache\/2021\/07\/1-slide-dicover-03-03\/123851069.png\" src=\"data:image\/svg+xml,%3Csvg%20xmlns%3D%22http%3A%2F%2Fwww.w3.org%2F2000%2Fsvg%22%20width%3D%22450%22%20height%3D%22316%22%20viewBox%3D%220%200%20450%20316%22%3E%3C%2Fsvg%3E\" \/><\/span><span class=\"fg-image-overlay\"><\/span><\/a><\/figure><div class=\"fg-loader\"><\/div><\/div><div class=\"fg-item fg-type-image fg-idle\"><figure class=\"fg-item-inner\"><a href=\"https:\/\/alesalosny.com\/wp-content\/uploads\/2021\/07\/2-slide-dicover-03-04-04.png\" data-attachment-id=\"735\" class=\"fg-thumb\"><span class=\"fg-image-wrap\"><img loading=\"lazy\" width=\"450\" height=\"316\" class=\"skip-lazy fg-image\" data-src-fg=\"https:\/\/alesalosny.com\/wp-content\/uploads\/cache\/2021\/07\/2-slide-dicover-03-04-04\/2080524753.png\" src=\"data:image\/svg+xml,%3Csvg%20xmlns%3D%22http%3A%2F%2Fwww.w3.org%2F2000%2Fsvg%22%20width%3D%22450%22%20height%3D%22316%22%20viewBox%3D%220%200%20450%20316%22%3E%3C%2Fsvg%3E\" \/><\/span><span class=\"fg-image-overlay\"><\/span><\/a><\/figure><div class=\"fg-loader\"><\/div><\/div><div class=\"fg-item fg-type-image fg-idle\"><figure class=\"fg-item-inner\"><a href=\"https:\/\/alesalosny.com\/wp-content\/uploads\/2021\/07\/3-slide-dicover-05.png\" data-attachment-id=\"736\" class=\"fg-thumb\"><span class=\"fg-image-wrap\"><img loading=\"lazy\" width=\"450\" height=\"316\" class=\"skip-lazy fg-image\" data-src-fg=\"https:\/\/alesalosny.com\/wp-content\/uploads\/cache\/2021\/07\/3-slide-dicover-05\/19661034.png\" src=\"data:image\/svg+xml,%3Csvg%20xmlns%3D%22http%3A%2F%2Fwww.w3.org%2F2000%2Fsvg%22%20width%3D%22450%22%20height%3D%22316%22%20viewBox%3D%220%200%20450%20316%22%3E%3C%2Fsvg%3E\" \/><\/span><span class=\"fg-image-overlay\"><\/span><\/a><\/figure><div class=\"fg-loader\"><\/div><\/div><div class=\"fg-item fg-type-image fg-idle\"><figure class=\"fg-item-inner\"><a href=\"https:\/\/alesalosny.com\/wp-content\/uploads\/2021\/07\/4-slide-dicover-06.png\" data-attachment-id=\"737\" class=\"fg-thumb\"><span class=\"fg-image-wrap\"><img loading=\"lazy\" width=\"450\" height=\"316\" class=\"skip-lazy fg-image\" data-src-fg=\"https:\/\/alesalosny.com\/wp-content\/uploads\/cache\/2021\/07\/4-slide-dicover-06\/1416875352.png\" src=\"data:image\/svg+xml,%3Csvg%20xmlns%3D%22http%3A%2F%2Fwww.w3.org%2F2000%2Fsvg%22%20width%3D%22450%22%20height%3D%22316%22%20viewBox%3D%220%200%20450%20316%22%3E%3C%2Fsvg%3E\" \/><\/span><span class=\"fg-image-overlay\"><\/span><\/a><\/figure><div class=\"fg-loader\"><\/div><\/div><div class=\"fg-item fg-type-image fg-idle\"><figure class=\"fg-item-inner\"><a href=\"https:\/\/alesalosny.com\/wp-content\/uploads\/2021\/07\/5-slide-dicover-06-07.png\" data-attachment-id=\"738\" class=\"fg-thumb\"><span class=\"fg-image-wrap\"><img loading=\"lazy\" width=\"450\" height=\"316\" class=\"skip-lazy fg-image\" data-src-fg=\"https:\/\/alesalosny.com\/wp-content\/uploads\/cache\/2021\/07\/5-slide-dicover-06-07\/2075339954.png\" src=\"data:image\/svg+xml,%3Csvg%20xmlns%3D%22http%3A%2F%2Fwww.w3.org%2F2000%2Fsvg%22%20width%3D%22450%22%20height%3D%22316%22%20viewBox%3D%220%200%20450%20316%22%3E%3C%2Fsvg%3E\" \/><\/span><span class=\"fg-image-overlay\"><\/span><\/a><\/figure><div class=\"fg-loader\"><\/div><\/div><\/div>\t\t<\/div>\n\t\t\t\t<\/div>\n\t\t\t\t\t\t<\/div>\n\t\t\t\t\t<\/div>\n\t\t<\/div>\n\t\t\t\t\t\t\t\t<\/div>\n\t\t\t\t\t<\/div>\n\t\t<\/section>\n\t\t\t\t\t\t<\/div>\n\t\t\t\t\t\t<\/div>\n\t\t\t\t\t<\/div>\n\t\t","protected":false},"excerpt":{"rendered":"<p>Qu\u00e9 es DISCOVER EXP? Es una plataforma digital dedicada a la oferta de actividades que permitan experimentar lugares o la cultura de una zona en especifico, organizadas por gente local y operadores tur\u00edsticos de todo elmundo. Para el dise\u00f1o se uso en el proceso creativo se uso la metodolog\u00eda Desing Thinking. Para el dise\u00f1o UI de la app, se trabajo en un proceso de 4 etapas: Bocetaje, en el que se desarrollaron ideas, soluciones y caracter\u00edsticas en base a los resultados de a investigaci\u00f3n(UX), en una segunda instancia se procedi\u00f3 a la generaci\u00f3n de wireframes para visualizar y priorizar jerarqu\u00edas(uso de AI), funcionalidades, pantallas y diagramas de flujo. En un tercer lugar proced\u00ed al dise\u00f1o de mockup para definir y pulir el look &amp; feel e iconograf\u00eda y finalmente prototipar lo que contempla dise\u00f1ar e implementar motion y testear. la l\u00ednea de dise\u00f1o se tomaron colores lum\u00ednicos con una gradiente naranja, aludiendo a la actividad , a la vez es un color con una connotaci\u00f3n din\u00e1mica, en combinaci\u00f3n con el alto contraste de tonos como el negro y el blanco para indicaci\u00f3n de botoneras y textos.Se dosifico la carga visual informativa por pantallas, siendo un elemento importante para el atractivo [&hellip;]<\/p>\n","protected":false},"author":1,"featured_media":0,"parent":0,"menu_order":0,"comment_status":"closed","ping_status":"closed","template":"elementor_theme","meta":{"advanced_seo_description":"","ngg_post_thumbnail":0,"spay_email":""},"_links":{"self":[{"href":"https:\/\/alesalosny.com\/index.php\/wp-json\/wp\/v2\/pages\/741"}],"collection":[{"href":"https:\/\/alesalosny.com\/index.php\/wp-json\/wp\/v2\/pages"}],"about":[{"href":"https:\/\/alesalosny.com\/index.php\/wp-json\/wp\/v2\/types\/page"}],"author":[{"embeddable":true,"href":"https:\/\/alesalosny.com\/index.php\/wp-json\/wp\/v2\/users\/1"}],"replies":[{"embeddable":true,"href":"https:\/\/alesalosny.com\/index.php\/wp-json\/wp\/v2\/comments?post=741"}],"version-history":[{"count":182,"href":"https:\/\/alesalosny.com\/index.php\/wp-json\/wp\/v2\/pages\/741\/revisions"}],"predecessor-version":[{"id":1272,"href":"https:\/\/alesalosny.com\/index.php\/wp-json\/wp\/v2\/pages\/741\/revisions\/1272"}],"wp:attachment":[{"href":"https:\/\/alesalosny.com\/index.php\/wp-json\/wp\/v2\/media?parent=741"}],"curies":[{"name":"wp","href":"https:\/\/api.w.org\/{rel}","templated":true}]}}